{"id":594,"date":"2022-03-04T17:28:16","date_gmt":"2022-03-04T16:28:16","guid":{"rendered":"https:\/\/www.nou.gaudigava.com\/cookies\/"},"modified":"2022-03-04T19:25:52","modified_gmt":"2022-03-04T18:25:52","slug":"cookies","status":"publish","type":"page","link":"https:\/\/www.gaudigava.com\/es\/cookies\/","title":{"rendered":"Pol\u00edtica de cookies"},"content":{"rendered":"<div class=\"fusion-fullwidth fullwidth-box fusion-builder-row-1 fusion-flex-container nonhundred-percent-fullwidth non-hundred-percent-height-scrolling\" style=\"--awb-border-radius-top-left:0px;--awb-border-radius-top-right:0px;--awb-border-radius-bottom-right:0px;--awb-border-radius-bottom-left:0px;--awb-flex-wrap:wrap;\" ><div class=\"fusion-builder-row fusion-row fusion-flex-align-items-flex-start fusion-flex-content-wrap\" style=\"max-width:1248px;margin-left: calc(-4% \/ 2 );margin-right: calc(-4% \/ 2 );\"><div class=\"fusion-layout-column fusion_builder_column fusion-builder-column-0 fusion_builder_column_1_1 1_1 fusion-flex-column\" style=\"--awb-bg-size:cover;--awb-width-large:100%;--awb-margin-top-large:0px;--awb-spacing-right-large:1.92%;--awb-margin-bottom-large:20px;--awb-spacing-left-large:1.92%;--awb-width-medium:100%;--awb-order-medium:0;--awb-spacing-right-medium:1.92%;--awb-spacing-left-medium:1.92%;--awb-width-small:100%;--awb-order-small:0;--awb-spacing-right-small:1.92%;--awb-spacing-left-small:1.92%;\"><div class=\"fusion-column-wrapper fusion-column-has-shadow fusion-flex-justify-content-flex-start fusion-content-layout-column\"><div class=\"fusion-text fusion-text-1\" style=\"--awb-text-transform:none;\"><h2>\u00bfQu\u00e9 tipo de cookies usamos en nuestra p\u00e1gina web?<\/h2>\n<p>En nuestra p\u00e1gina web usamos los siguientes tipos de cookies:<\/p>\n<h3>Cookies estrictamente necesarias<\/h3>\n<p>Estas cookies ofrecen los servicios que has solicitado espec\u00edficamente en nuestra p\u00e1gina web y son esenciales para permitir que navegues por nuestra p\u00e1gina y utilices sus funciones, como el pago y la compra de productos.<\/p>\n<h3>Cookies de rendimiento<\/h3>\n<p>Estas cookies recopilan informaci\u00f3n an\u00f3nima sobre las p\u00e1ginas visitadas. Recopilan informaci\u00f3n acerca de c\u00f3mo los visitantes usan la p\u00e1gina web o, por ejemplo, qu\u00e9 p\u00e1ginas visitan los usuarios m\u00e1s a menudo y si reciben mensajes de error desde dichas p\u00e1ginas. No recopilan informaci\u00f3n que identifica al usuario y solo se usan para mejorar el rendimiento de la p\u00e1gina.<\/p>\n<h3>Cookies de funcionalidad<\/h3>\n<p>Estas cookies que nuestra p\u00e1gina web recuerde las decisiones que tomas (como el nombre de usuario, el idioma o la regi\u00f3n en la que te encuentras) y proporcionan contenido mejorado y m\u00e1s personalizado, incluyendo acceso a los productos que has dise\u00f1ado o pedido con nosotros. Tambi\u00e9n pueden utilizarse para recordar los cambios que has realizado en el tama\u00f1o del texto, fuentes y otros elementos de la p\u00e1gina web que se pueden personalizar.<\/p>\n<h3>Cookies de publicidad<\/h3>\n<p>Estas cookies se utilizan para mostrarte los anuncios que te resultan m\u00e1s relevantes e interesantes. Tambi\u00e9n se utilizan para limitar el n\u00famero de veces que se muestra una campa\u00f1a publicitaria y para medir su eficacia. Generalmente, estas cookies son de terceros.<\/p>\n<h3>Cookies de terceros<\/h3>\n<p>Al utilizar nuestra p\u00e1gina web, puede que veas contenido ofrecido por una empresa distinta de www.gaudigava.com. Adem\u00e1s, si \u00abcompartes\u00bb contenido de www.gaudigava.com con amigos a trav\u00e9s de redes sociales, como Facebook o Twitter, puede que recibas cookies de dichas redes. Desde www.gaudigava.com no tenemos acceso ni control sobre las cookies utilizadas por otras empresas. Te aconsejamos que consultes las p\u00e1ginas web de terceros para obtener m\u00e1s informaci\u00f3n sobre las cookies y c\u00f3mo gestionarlas.<\/p>\n<h2><\/h2>\n<h2>\u00bfC\u00f3mo puedes gestionar qu\u00e9 cookies se instalan en tu dispositivo?<\/h2>\n<p>Las cookies te permiten aprovechar algunas de las caracter\u00edsticas esenciales de nuestra p\u00e1gina web. Por eso te recomendamos que las dejes activadas. Ten en cuenta que, si deshabilitas o eliminas ciertas cookies, nuestra p\u00e1gina web no funcionar\u00e1 correctamente.<\/p>\n<p>En el men\u00fa Ayuda de la barra de men\u00fas de la mayor\u00eda de los navegadores encontrar\u00e1s c\u00f3mo habilitar o impedir que tu navegador acepte nuevas cookies, c\u00f3mo hacer que el navegador te avise cada vez que recibas una nueva cookie y c\u00f3mo desactivar las cookies.<\/p>\n<p>Tambi\u00e9n puedes desactivar o eliminar datos similares utilizados por los complementos del explorador, como las cookies de Flash, cambiando la configuraci\u00f3n de los complementos o visitando la p\u00e1gina web del fabricante.<\/p>\n<p>Si deseas eliminar las cookies que se han creado cuando has compartido contenido de www.gaudigava.com en las redes sociales, como Facebook o Twitter, te sugerimos que consultes las p\u00e1ginas web de dichos terceros para obtener m\u00e1s informaci\u00f3n sobre sus cookies y c\u00f3mo gestionarlas.<\/p>\n<p>Si quieres saber m\u00e1s sobre las Cookies de terceros y eliminarlas, visita www.allaboutcookies.org y www.youronlinechoices.eu.<\/p>\n<\/div><\/div><\/div><\/div><\/div>\n","protected":false},"excerpt":{"rendered":"","protected":false},"author":1,"featured_media":0,"parent":0,"menu_order":0,"comment_status":"closed","ping_status":"closed","template":"100-width.php","meta":{"footnotes":""},"class_list":["post-594","page","type-page","status-publish","hentry"],"_links":{"self":[{"href":"https:\/\/www.gaudigava.com\/es\/wp-json\/wp\/v2\/pages\/594","targetHints":{"allow":["GET"]}}],"collection":[{"href":"https:\/\/www.gaudigava.com\/es\/wp-json\/wp\/v2\/pages"}],"about":[{"href":"https:\/\/www.gaudigava.com\/es\/wp-json\/wp\/v2\/types\/page"}],"author":[{"embeddable":true,"href":"https:\/\/www.gaudigava.com\/es\/wp-json\/wp\/v2\/users\/1"}],"replies":[{"embeddable":true,"href":"https:\/\/www.gaudigava.com\/es\/wp-json\/wp\/v2\/comments?post=594"}],"version-history":[{"count":2,"href":"https:\/\/www.gaudigava.com\/es\/wp-json\/wp\/v2\/pages\/594\/revisions"}],"predecessor-version":[{"id":596,"href":"https:\/\/www.gaudigava.com\/es\/wp-json\/wp\/v2\/pages\/594\/revisions\/596"}],"wp:attachment":[{"href":"https:\/\/www.gaudigava.com\/es\/wp-json\/wp\/v2\/media?parent=594"}],"curies":[{"name":"wp","href":"https:\/\/api.w.org\/{rel}","templated":true}]}}